{"id":82,"date":"2024-03-03T20:55:10","date_gmt":"2024-03-03T17:55:10","guid":{"rendered":"https:\/\/safirdemo.com\/atolye\/hakkimizda\/"},"modified":"2025-02-05T21:31:46","modified_gmt":"2025-02-05T18:31:46","slug":"hakkimizda","status":"publish","type":"page","link":"https:\/\/projebox.com\/?page_id=82","title":{"rendered":"Hakk\u0131m\u0131zda"},"content":{"rendered":"\n<figure class=\"wp-block-image size-large\"><img loading=\"lazy\" decoding=\"async\" width=\"1024\" height=\"682\" src=\"https:\/\/projebox.com\/wp-content\/uploads\/2024\/03\/g00015-1-1-1024x682.jpeg\" alt=\"\" class=\"wp-image-272\" srcset=\"https:\/\/projebox.com\/wp-content\/uploads\/2024\/03\/g00015-1-1-1024x682.jpeg 1024w, https:\/\/projebox.com\/wp-content\/uploads\/2024\/03\/g00015-1-1-300x200.jpeg 300w, https:\/\/projebox.com\/wp-content\/uploads\/2024\/03\/g00015-1-1-768x512.jpeg 768w, https:\/\/projebox.com\/wp-content\/uploads\/2024\/03\/g00015-1-1.jpeg 1280w\" sizes=\"auto, (max-width: 1024px) 100vw, 1024px\" \/><\/figure>\n\n\n<div style=\"color:var(--headColor);\" class=\"wp-block-safirtema-mainheading singleHeading mainHeading wp-block-safirtema-mainheading has-text-color\">\n\t<div class=\"singleHeading\">\n\t\t<div class=\"inner\">\n\t\t\t<span class=\"safiricon icon\"><svg class=\"safiricon-begen\"><use href=\"#safiricon-begen\"><\/use><\/svg><\/span>\t\t\t<h2 class=\"text\">Biz Kimiz?<\/h2>\n\t\t<\/div>\n\t<\/div>\n<\/div>\n\n\n<p>1984 y\u0131l\u0131nda kurulan&nbsp;<strong>MAKPA<\/strong>, End\u00fcstriyel Mutfak \u00fcr\u00fcnlerinde; Restoranlar, Fast Food Zincirleri, Pasta ve Cafeler, Oteller, Al\u0131\u015fveri\u015f Merkezleri, Havaalanlar\u0131 ve \u00c7ama\u015f\u0131rhaneler i\u00e7in&nbsp;<strong>projelendirme<\/strong>,&nbsp;<strong>sat\u0131\u015f<\/strong>,&nbsp;<strong>montaj<\/strong>,&nbsp;<strong>bak\u0131m<\/strong>&nbsp;ve&nbsp;<strong>sat\u0131\u015f sonras\u0131 servis<\/strong>&nbsp;konular\u0131nda hizmet vermektedir.<\/p>\n\n\n\n<p>Kuruldu\u011fu g\u00fcnden itibaren y\u00fcksek teknolojiyi takip eden ve uygulayan bir firma olarak bir\u00e7ok yenili\u011fin ba\u015flat\u0131c\u0131s\u0131 ve geli\u015ftirilmesinde sekt\u00f6r\u00fcn lokomotifi olmaya devam eden&nbsp;<strong>MAKPA<\/strong>, &nbsp;Amerika ve Avrupa k\u00f6kenli bir\u00e7ok \u015firketin de T\u00fcrkiye distrib\u00fct\u00f6rl\u00fc\u011f\u00fcn\u00fc yapmaktad\u0131r.<\/p>\n\n\n\n<p>Temsil etti\u011fi \u00fcr\u00fcnlerin montaj, bak\u0131m, yedek par\u00e7a temini ve sat\u0131\u015f sonras\u0131 servis hizmetlerinin t\u00fcm\u00fcn\u00fc vermektedir.&nbsp;<strong>MAKPA&nbsp;<\/strong>ayr\u0131ca ortak firmalar\u0131 ile beraber paslanmaz \u00e7elik mutfak te\u00e7hizat\u0131 \u00fcretimini ve turizm, ikram sekt\u00f6r\u00fcn\u00fcn ihtiyac\u0131 olan y\u00fcksek kaliteli restoran servis ve mutfak ekipmanlar\u0131n\u0131n teminini de ger\u00e7ekle\u015ftirmektedir.<\/p>\n\n\n\n<p>\u0130stanbul, Antalya da&nbsp;ofis, teknik servis ve sat\u0131\u015f ma\u011fazalar\u0131 bulunmaktad\u0131r. Mutfak ve \u00e7ama\u015f\u0131rhanelerde do\u011fru sistemleri olu\u015fturarak en y\u00fcksek verimi elde edecek \u015fekilde sistemi kurmak ve sistemin i\u00e7indekileri mutlu edecek bir \u015fekilde \u00e7al\u0131\u015fmalar\u0131n\u0131 sa\u011flayacak planlamay\u0131 yaratmak \u201c<strong>Makpa Proje Grubu<\/strong>\u201d i\u00e7in ana prensiptir.<\/p>\n\n\n\n<div class=\"safir-list\" data-col=\"1\"><ul class=\"wp-block-list\"><\/ul><\/div>\n\n\n\n<p>\u201d Proje grubu taraf\u0131ndan, bu ana prensip do\u011frultusunda her t\u00fcrl\u00fc ortama uygun, verimlilik artt\u0131r\u0131c\u0131 \u00e7ok y\u00f6nl\u00fc tasar\u0131mlar haz\u0131rlanmakta ve projelerin anahtar teslimi taahh\u00fct edilmektedir. Bug\u00fcne kadar yurti\u00e7i ve yurtd\u0131\u015f\u0131nda yap\u0131lan projeler Makpa\u2019n\u0131n bu konudaki basarisinin ve kalitesinin birer g\u00f6stergesidir. \u201c<\/p>\n","protected":false},"excerpt":{"rendered":"<p>1984 y\u0131l\u0131nda kurulan&nbsp;MAKPA, End\u00fcstriyel Mutfak \u00fcr\u00fcnlerinde; Restoranlar, Fast Food Zincirleri, Pasta ve Cafeler, Oteller, Al\u0131\u015fveri\u015f Merkezleri, Havaalanlar\u0131 ve \u00c7ama\u015f\u0131rhaneler i\u00e7in&nbsp;projelendirme,&nbsp;sat\u0131\u015f,&nbsp;montaj,&nbsp;bak\u0131m&nbsp;ve&nbsp;sat\u0131\u015f sonras\u0131 servis&nbsp;konular\u0131nda hizmet vermektedir. Kuruldu\u011fu g\u00fcnden itibaren y\u00fcksek teknolojiyi takip eden ve uygulayan bir firma olarak bir\u00e7ok yenili\u011fin ba\u015flat\u0131c\u0131s\u0131 ve geli\u015ftirilmesinde sekt\u00f6r\u00fcn lokomotifi olmaya devam eden&nbsp;MAKPA, &nbsp;Amerika ve Avrupa k\u00f6kenli bir\u00e7ok \u015firketin de T\u00fcrkiye distrib\u00fct\u00f6rl\u00fc\u011f\u00fcn\u00fc [&hellip;]<\/p>\n","protected":false},"author":1,"featured_media":0,"parent":0,"menu_order":0,"comment_status":"closed","ping_status":"closed","template":"","meta":{"footnotes":""},"class_list":["post-82","page","type-page","status-publish","hentry"],"_links":{"self":[{"href":"https:\/\/projebox.com\/index.php?rest_route=\/wp\/v2\/pages\/82","targetHints":{"allow":["GET"]}}],"collection":[{"href":"https:\/\/projebox.com\/index.php?rest_route=\/wp\/v2\/pages"}],"about":[{"href":"https:\/\/projebox.com\/index.php?rest_route=\/wp\/v2\/types\/page"}],"author":[{"embeddable":true,"href":"https:\/\/projebox.com\/index.php?rest_route=\/wp\/v2\/users\/1"}],"replies":[{"embeddable":true,"href":"https:\/\/projebox.com\/index.php?rest_route=%2Fwp%2Fv2%2Fcomments&post=82"}],"version-history":[{"count":2,"href":"https:\/\/projebox.com\/index.php?rest_route=\/wp\/v2\/pages\/82\/revisions"}],"predecessor-version":[{"id":710,"href":"https:\/\/projebox.com\/index.php?rest_route=\/wp\/v2\/pages\/82\/revisions\/710"}],"wp:attachment":[{"href":"https:\/\/projebox.com\/index.php?rest_route=%2Fwp%2Fv2%2Fmedia&parent=82"}],"curies":[{"name":"wp","href":"https:\/\/api.w.org\/{rel}","templated":true}]}}