{"id":23,"date":"2024-03-03T13:20:43","date_gmt":"2024-03-03T10:20:43","guid":{"rendered":"https:\/\/safirdemo.com\/atolye\/cozum-ortaklari\/"},"modified":"2025-02-05T21:35:03","modified_gmt":"2025-02-05T18:35:03","slug":"cozum-ortaklari","status":"publish","type":"page","link":"https:\/\/projebox.com\/?page_id=23","title":{"rendered":"\u00c7\u00f6z\u00fcm Ortaklar\u0131"},"content":{"rendered":"\n<figure class=\"wp-block-gallery has-nested-images columns-default wp-block-gallery-1 is-layout-flex wp-block-gallery-is-layout-flex\">\n<figure class=\"wp-block-image size-full\"><img loading=\"lazy\" decoding=\"async\" width=\"326\" height=\"135\" data-id=\"711\" src=\"https:\/\/projebox.com\/wp-content\/uploads\/2025\/02\/AMBACH.png\" alt=\"\" class=\"wp-image-711\" srcset=\"https:\/\/projebox.com\/wp-content\/uploads\/2025\/02\/AMBACH.png 326w, https:\/\/projebox.com\/wp-content\/uploads\/2025\/02\/AMBACH-300x124.png 300w\" sizes=\"auto, (max-width: 326px) 100vw, 326px\" \/><\/figure>\n\n\n\n<figure class=\"wp-block-image size-full\"><img loading=\"lazy\" decoding=\"async\" width=\"297\" height=\"91\" data-id=\"712\" src=\"https:\/\/projebox.com\/wp-content\/uploads\/2025\/02\/BONGARD.png\" alt=\"\" class=\"wp-image-712\"\/><\/figure>\n\n\n\n<figure class=\"wp-block-image size-full\"><img loading=\"lazy\" decoding=\"async\" width=\"264\" height=\"87\" data-id=\"714\" src=\"https:\/\/projebox.com\/wp-content\/uploads\/2025\/02\/BURLODGE.png\" alt=\"\" class=\"wp-image-714\"\/><\/figure>\n\n\n\n<figure class=\"wp-block-image size-full\"><img loading=\"lazy\" decoding=\"async\" width=\"276\" height=\"123\" data-id=\"715\" src=\"https:\/\/projebox.com\/wp-content\/uploads\/2025\/02\/CARPIGIANI.png\" alt=\"\" class=\"wp-image-715\"\/><\/figure>\n\n\n\n<figure class=\"wp-block-image size-full\"><img loading=\"lazy\" decoding=\"async\" width=\"263\" height=\"103\" data-id=\"716\" src=\"https:\/\/projebox.com\/wp-content\/uploads\/2025\/02\/CASTA.png\" alt=\"\" class=\"wp-image-716\"\/><\/figure>\n\n\n\n<figure class=\"wp-block-image size-full\"><img loading=\"lazy\" decoding=\"async\" width=\"311\" height=\"104\" data-id=\"717\" src=\"https:\/\/projebox.com\/wp-content\/uploads\/2025\/02\/CIMBALI.png\" alt=\"\" class=\"wp-image-717\" srcset=\"https:\/\/projebox.com\/wp-content\/uploads\/2025\/02\/CIMBALI.png 311w, https:\/\/projebox.com\/wp-content\/uploads\/2025\/02\/CIMBALI-300x100.png 300w\" sizes=\"auto, (max-width: 311px) 100vw, 311px\" \/><\/figure>\n\n\n\n<figure class=\"wp-block-image size-full\"><img loading=\"lazy\" decoding=\"async\" width=\"289\" height=\"64\" data-id=\"718\" src=\"https:\/\/projebox.com\/wp-content\/uploads\/2025\/02\/COMENDA.png\" alt=\"\" class=\"wp-image-718\"\/><\/figure>\n\n\n\n<figure class=\"wp-block-image size-full\"><img loading=\"lazy\" decoding=\"async\" width=\"313\" height=\"101\" data-id=\"719\" src=\"https:\/\/projebox.com\/wp-content\/uploads\/2025\/02\/GAMKO.png\" alt=\"\" class=\"wp-image-719\" srcset=\"https:\/\/projebox.com\/wp-content\/uploads\/2025\/02\/GAMKO.png 313w, https:\/\/projebox.com\/wp-content\/uploads\/2025\/02\/GAMKO-300x97.png 300w\" sizes=\"auto, (max-width: 313px) 100vw, 313px\" \/><\/figure>\n\n\n\n<figure class=\"wp-block-image size-full\"><img loading=\"lazy\" decoding=\"async\" width=\"282\" height=\"73\" data-id=\"720\" src=\"https:\/\/projebox.com\/wp-content\/uploads\/2025\/02\/GRANDIMPIANTI.png\" alt=\"\" class=\"wp-image-720\"\/><\/figure>\n\n\n\n<figure class=\"wp-block-image size-full\"><img loading=\"lazy\" decoding=\"async\" width=\"311\" height=\"81\" data-id=\"721\" src=\"https:\/\/projebox.com\/wp-content\/uploads\/2025\/02\/HOSHIZAKI.png\" alt=\"\" class=\"wp-image-721\" srcset=\"https:\/\/projebox.com\/wp-content\/uploads\/2025\/02\/HOSHIZAKI.png 311w, https:\/\/projebox.com\/wp-content\/uploads\/2025\/02\/HOSHIZAKI-300x78.png 300w\" sizes=\"auto, (max-width: 311px) 100vw, 311px\" \/><\/figure>\n\n\n\n<figure class=\"wp-block-image size-full\"><img loading=\"lazy\" decoding=\"async\" width=\"315\" height=\"111\" data-id=\"722\" src=\"https:\/\/projebox.com\/wp-content\/uploads\/2025\/02\/NAYATI.png\" alt=\"\" class=\"wp-image-722\" srcset=\"https:\/\/projebox.com\/wp-content\/uploads\/2025\/02\/NAYATI.png 315w, https:\/\/projebox.com\/wp-content\/uploads\/2025\/02\/NAYATI-300x106.png 300w\" sizes=\"auto, (max-width: 315px) 100vw, 315px\" \/><\/figure>\n\n\n\n<figure class=\"wp-block-image size-full\"><img loading=\"lazy\" decoding=\"async\" width=\"210\" height=\"83\" data-id=\"723\" src=\"https:\/\/projebox.com\/wp-content\/uploads\/2025\/02\/POLARIS-GROUP.png\" alt=\"\" class=\"wp-image-723\"\/><\/figure>\n<\/figure>\n\n\n\n<figure class=\"wp-block-gallery has-nested-images columns-default wp-block-gallery-2 is-layout-flex wp-block-gallery-is-layout-flex\">\n<figure class=\"wp-block-image size-full\"><img loading=\"lazy\" decoding=\"async\" width=\"247\" height=\"96\" data-id=\"724\" src=\"https:\/\/projebox.com\/wp-content\/uploads\/2025\/02\/RIEBER.png\" alt=\"\" class=\"wp-image-724\"\/><\/figure>\n\n\n\n<figure class=\"wp-block-image size-full\"><img loading=\"lazy\" decoding=\"async\" width=\"305\" height=\"104\" data-id=\"725\" src=\"https:\/\/projebox.com\/wp-content\/uploads\/2025\/02\/ROBOT-COUPE.png\" alt=\"\" class=\"wp-image-725\" srcset=\"https:\/\/projebox.com\/wp-content\/uploads\/2025\/02\/ROBOT-COUPE.png 305w, https:\/\/projebox.com\/wp-content\/uploads\/2025\/02\/ROBOT-COUPE-300x102.png 300w\" sizes=\"auto, (max-width: 305px) 100vw, 305px\" \/><\/figure>\n\n\n\n<figure class=\"wp-block-image size-full\"><img loading=\"lazy\" decoding=\"async\" width=\"259\" height=\"71\" data-id=\"726\" src=\"https:\/\/projebox.com\/wp-content\/uploads\/2025\/02\/SALVA.png\" alt=\"\" class=\"wp-image-726\"\/><\/figure>\n\n\n\n<figure class=\"wp-block-image size-full\"><img loading=\"lazy\" decoding=\"async\" width=\"170\" height=\"73\" data-id=\"727\" src=\"https:\/\/projebox.com\/wp-content\/uploads\/2025\/02\/SCHOLL.png\" alt=\"\" class=\"wp-image-727\"\/><\/figure>\n\n\n\n<figure class=\"wp-block-image size-full\"><img loading=\"lazy\" decoding=\"async\" width=\"234\" height=\"100\" data-id=\"728\" src=\"https:\/\/projebox.com\/wp-content\/uploads\/2025\/02\/SIRMAN.png\" alt=\"\" class=\"wp-image-728\"\/><\/figure>\n\n\n\n<figure class=\"wp-block-image size-full\"><img loading=\"lazy\" decoding=\"async\" width=\"144\" height=\"170\" data-id=\"729\" src=\"https:\/\/projebox.com\/wp-content\/uploads\/2025\/02\/VALORIANI.png\" alt=\"\" class=\"wp-image-729\"\/><\/figure>\n<\/figure>\n\n\n\n<div class=\"wp-block-columns is-layout-flex wp-container-core-columns-is-layout-9d6595d7 wp-block-columns-is-layout-flex\">\n<div class=\"wp-block-column is-layout-flow wp-block-column-is-layout-flow\">\n<figure class=\"wp-block-image size-large\"><img loading=\"lazy\" decoding=\"async\" width=\"1024\" height=\"366\" src=\"https:\/\/projebox.com\/wp-content\/uploads\/2025\/02\/Screenshot_19-1024x366.png\" alt=\"\" class=\"wp-image-730\" srcset=\"https:\/\/projebox.com\/wp-content\/uploads\/2025\/02\/Screenshot_19-1024x366.png 1024w, https:\/\/projebox.com\/wp-content\/uploads\/2025\/02\/Screenshot_19-300x107.png 300w, https:\/\/projebox.com\/wp-content\/uploads\/2025\/02\/Screenshot_19-768x275.png 768w, https:\/\/projebox.com\/wp-content\/uploads\/2025\/02\/Screenshot_19.png 1168w\" sizes=\"auto, (max-width: 1024px) 100vw, 1024px\" \/><\/figure>\n<\/div>\n<\/div>\n","protected":false},"excerpt":{"rendered":"","protected":false},"author":1,"featured_media":0,"parent":0,"menu_order":0,"comment_status":"closed","ping_status":"closed","template":"pages\/page-references.php","meta":{"footnotes":""},"class_list":["post-23","page","type-page","status-publish","hentry"],"_links":{"self":[{"href":"https:\/\/projebox.com\/index.php?rest_route=\/wp\/v2\/pages\/23","targetHints":{"allow":["GET"]}}],"collection":[{"href":"https:\/\/projebox.com\/index.php?rest_route=\/wp\/v2\/pages"}],"about":[{"href":"https:\/\/projebox.com\/index.php?rest_route=\/wp\/v2\/types\/page"}],"author":[{"embeddable":true,"href":"https:\/\/projebox.com\/index.php?rest_route=\/wp\/v2\/users\/1"}],"replies":[{"embeddable":true,"href":"https:\/\/projebox.com\/index.php?rest_route=%2Fwp%2Fv2%2Fcomments&post=23"}],"version-history":[{"count":1,"href":"https:\/\/projebox.com\/index.php?rest_route=\/wp\/v2\/pages\/23\/revisions"}],"predecessor-version":[{"id":731,"href":"https:\/\/projebox.com\/index.php?rest_route=\/wp\/v2\/pages\/23\/revisions\/731"}],"wp:attachment":[{"href":"https:\/\/projebox.com\/index.php?rest_route=%2Fwp%2Fv2%2Fmedia&parent=23"}],"curies":[{"name":"wp","href":"https:\/\/api.w.org\/{rel}","templated":true}]}}